{"id":351,"date":"2025-03-18T09:42:53","date_gmt":"2025-03-18T09:42:53","guid":{"rendered":"https:\/\/www.homing-portugal.com\/blog\/?page_id=351"},"modified":"2025-05-17T07:26:31","modified_gmt":"2025-05-17T07:26:31","slug":"home-blog-pt","status":"publish","type":"page","link":"https:\/\/www.homing-portugal.com\/blog\/","title":{"rendered":"Home Blog PT"},"content":{"rendered":"\t\t<div data-elementor-type=\"wp-post\" data-elementor-id=\"351\" class=\"elementor elementor-351 elementor-309\" data-elementor-post-type=\"page\">\n\t\t\t\t<div class=\"elementor-element elementor-element-106d792 e-flex e-con-boxed e-con e-parent\" data-id=\"106d792\" data-element_type=\"container\">\n\t\t\t\t\t<div class=\"e-con-inner\">\n\t\t\t\t<div class=\"elementor-element elementor-element-0914e1b elementor-widget elementor-widget-heading\" data-id=\"0914e1b\" data-element_type=\"widget\" data-widget_type=\"heading.default\">\n\t\t\t\t<div class=\"elementor-widget-container\">\n\t\t\t\t\t<h2 class=\"elementor-heading-title elementor-size-default\">O que sabe sobre Lisboa e o Algarve?<\/h2>\t\t\t\t<\/div>\n\t\t\t\t<\/div>\n\t\t\t\t<div class=\"elementor-element elementor-element-9829050 elementor-widget elementor-widget-text-editor\" data-id=\"9829050\" data-element_type=\"widget\" data-widget_type=\"text-editor.default\">\n\t\t\t\t<div class=\"elementor-widget-container\">\n\t\t\t\t\t\t\t\t\t<p data-start=\"0\" data-end=\"266\">Descubra o charme de Lisboa e do Algarve atrav\u00e9s do nosso blog, onde o levamos numa jornada para explorar praias douradas, a rica hist\u00f3ria e uma cultura vibrante. De ruas encantadoras a experi\u00eancias gastron\u00f3micas incr\u00edveis, encontrar\u00e1 aqui tudo o que precisa para a sua pr\u00f3xima viagem.<\/p>\t\t\t\t\t\t\t\t<\/div>\n\t\t\t\t<\/div>\n\t\t\t\t\t<\/div>\n\t\t\t\t<\/div>\n\t\t<div class=\"elementor-element elementor-element-9a6cf62 e-flex e-con-boxed e-con e-parent\" data-id=\"9a6cf62\" data-element_type=\"container\">\n\t\t\t\t\t<div class=\"e-con-inner\">\n\t\t\t\t<div class=\"elementor-element elementor-element-14bda0d elementor-posts--align-center elementor-grid-3 elementor-grid-tablet-2 elementor-grid-mobile-1 elementor-posts--thumbnail-top elementor-card-shadow-yes elementor-posts__hover-gradient elementor-widget elementor-widget-posts\" data-id=\"14bda0d\" data-element_type=\"widget\" data-settings=\"{&quot;cards_columns&quot;:&quot;3&quot;,&quot;cards_columns_tablet&quot;:&quot;2&quot;,&quot;cards_columns_mobile&quot;:&quot;1&quot;,&quot;cards_row_gap&quot;:{&quot;unit&quot;:&quot;px&quot;,&quot;size&quot;:35,&quot;sizes&quot;:[]},&quot;cards_row_gap_tablet&quot;:{&quot;unit&quot;:&quot;px&quot;,&quot;size&quot;:&quot;&quot;,&quot;sizes&quot;:[]},&quot;cards_row_gap_mobile&quot;:{&quot;unit&quot;:&quot;px&quot;,&quot;size&quot;:&quot;&quot;,&quot;sizes&quot;:[]}}\" data-widget_type=\"posts.cards\">\n\t\t\t\t<div class=\"elementor-widget-container\">\n\t\t\t\t\t\t\t<div class=\"elementor-posts-container elementor-posts elementor-posts--skin-cards elementor-grid\">\n\t\t\t\t<article class=\"elementor-post elementor-grid-item post-810 post type-post status-publish format-standard has-post-thumbnail hentry category-algarve-2\">\n\t\t\t<div class=\"elementor-post__card\">\n\t\t\t\t<a class=\"elementor-post__thumbnail__link\" href=\"https:\/\/www.homing-portugal.com\/blog\/as-melhores-coisas-para-fazer-em-lagos\/\" tabindex=\"-1\" ><div class=\"elementor-post__thumbnail\"><img fetchpriority=\"high\" decoding=\"async\" width=\"300\" height=\"276\" src=\"https:\/\/www.homing-portugal.com\/blog\/wp-content\/uploads\/2025\/06\/Lago-algarve-Praia-Dona-Ana-380x350.jpg\" class=\"attachment-medium size-medium wp-image-713\" alt=\"Lago-algarve-Praia-Dona-Ana.jpg\" \/><\/div><\/a>\n\t\t\t\t<div class=\"elementor-post__badge\">Algarve<\/div>\n\t\t\t\t<div class=\"elementor-post__text\">\n\t\t\t\t<h3 class=\"elementor-post__title\">\n\t\t\t<a href=\"https:\/\/www.homing-portugal.com\/blog\/as-melhores-coisas-para-fazer-em-lagos\/\" >\n\t\t\t\tAs melhores coisas para fazer em Lagos\t\t\t<\/a>\n\t\t<\/h3>\n\t\t\t\t<\/div>\n\t\t\t\t<div class=\"elementor-post__meta-data\">\n\t\t\t\t\t<span class=\"elementor-post-date\">\n\t\t\tJune 23, 2025\t\t<\/span>\n\t\t\t\t<\/div>\n\t\t\t\t\t<\/div>\n\t\t<\/article>\n\t\t\t\t<article class=\"elementor-post elementor-grid-item post-804 post type-post status-publish format-standard hentry category-lisboa\">\n\t\t\t<div class=\"elementor-post__card\">\n\t\t\t\t<div class=\"elementor-post__text\">\n\t\t\t\t<h3 class=\"elementor-post__title\">\n\t\t\t<a href=\"https:\/\/www.homing-portugal.com\/blog\/explora-a-famosa-rua-cor-de-rosa-em-lisboa\/\" >\n\t\t\t\tExplora a famosa Rua Cor-de-Rosa em Lisboa\t\t\t<\/a>\n\t\t<\/h3>\n\t\t\t\t<\/div>\n\t\t\t\t<div class=\"elementor-post__meta-data\">\n\t\t\t\t\t<span class=\"elementor-post-date\">\n\t\t\tJune 23, 2025\t\t<\/span>\n\t\t\t\t<\/div>\n\t\t\t\t\t<\/div>\n\t\t<\/article>\n\t\t\t\t<article class=\"elementor-post elementor-grid-item post-785 post type-post status-publish format-standard has-post-thumbnail hentry category-homing-3\">\n\t\t\t<div class=\"elementor-post__card\">\n\t\t\t\t<a class=\"elementor-post__thumbnail__link\" href=\"https:\/\/www.homing-portugal.com\/blog\/onde-ficar-nas-ferias-no-algarve\/\" tabindex=\"-1\" ><div class=\"elementor-post__thumbnail\"><img decoding=\"async\" width=\"300\" height=\"276\" src=\"https:\/\/www.homing-portugal.com\/blog\/wp-content\/uploads\/2025\/05\/things-to-do-in-Algarve-portugal-380x350.jpg\" class=\"attachment-medium size-medium wp-image-607\" alt=\"\" \/><\/div><\/a>\n\t\t\t\t<div class=\"elementor-post__badge\">Homing<\/div>\n\t\t\t\t<div class=\"elementor-post__text\">\n\t\t\t\t<h3 class=\"elementor-post__title\">\n\t\t\t<a href=\"https:\/\/www.homing-portugal.com\/blog\/onde-ficar-nas-ferias-no-algarve\/\" >\n\t\t\t\tOnde ficar nas f\u00e9rias no Algarve\t\t\t<\/a>\n\t\t<\/h3>\n\t\t\t\t<\/div>\n\t\t\t\t<div class=\"elementor-post__meta-data\">\n\t\t\t\t\t<span class=\"elementor-post-date\">\n\t\t\tJune 23, 2025\t\t<\/span>\n\t\t\t\t<\/div>\n\t\t\t\t\t<\/div>\n\t\t<\/article>\n\t\t\t\t<article class=\"elementor-post elementor-grid-item post-696 post type-post status-publish format-standard has-post-thumbnail hentry category-lisboa\">\n\t\t\t<div class=\"elementor-post__card\">\n\t\t\t\t<a class=\"elementor-post__thumbnail__link\" href=\"https:\/\/www.homing-portugal.com\/blog\/praias-lisboa\/\" tabindex=\"-1\" ><div class=\"elementor-post__thumbnail\"><img decoding=\"async\" width=\"300\" height=\"276\" src=\"https:\/\/www.homing-portugal.com\/blog\/wp-content\/uploads\/2025\/05\/beach-lisbon-1-380x350.jpg\" class=\"attachment-medium size-medium wp-image-702\" alt=\"beach-lisbon-1.jpg\" \/><\/div><\/a>\n\t\t\t\t<div class=\"elementor-post__badge\">Lisboa<\/div>\n\t\t\t\t<div class=\"elementor-post__text\">\n\t\t\t\t<h3 class=\"elementor-post__title\">\n\t\t\t<a href=\"https:\/\/www.homing-portugal.com\/blog\/praias-lisboa\/\" >\n\t\t\t\tAs melhores praias de Lisboa\t\t\t<\/a>\n\t\t<\/h3>\n\t\t\t\t<\/div>\n\t\t\t\t<div class=\"elementor-post__meta-data\">\n\t\t\t\t\t<span class=\"elementor-post-date\">\n\t\t\tMay 28, 2025\t\t<\/span>\n\t\t\t\t<\/div>\n\t\t\t\t\t<\/div>\n\t\t<\/article>\n\t\t\t\t<article class=\"elementor-post elementor-grid-item post-690 post type-post status-publish format-standard has-post-thumbnail hentry category-algarve-2\">\n\t\t\t<div class=\"elementor-post__card\">\n\t\t\t\t<a class=\"elementor-post__thumbnail__link\" href=\"https:\/\/www.homing-portugal.com\/blog\/fazer-albufeira\/\" tabindex=\"-1\" ><div class=\"elementor-post__thumbnail\"><img loading=\"lazy\" decoding=\"async\" width=\"300\" height=\"276\" src=\"https:\/\/www.homing-portugal.com\/blog\/wp-content\/uploads\/2025\/05\/things-to-do-albufera-380x350.jpg\" class=\"attachment-medium size-medium wp-image-573\" alt=\"things-to-do-albufera.jpg\" \/><\/div><\/a>\n\t\t\t\t<div class=\"elementor-post__badge\">Algarve<\/div>\n\t\t\t\t<div class=\"elementor-post__text\">\n\t\t\t\t<h3 class=\"elementor-post__title\">\n\t\t\t<a href=\"https:\/\/www.homing-portugal.com\/blog\/fazer-albufeira\/\" >\n\t\t\t\tCoisas para fazer em Albufeira\t\t\t<\/a>\n\t\t<\/h3>\n\t\t\t\t<\/div>\n\t\t\t\t<div class=\"elementor-post__meta-data\">\n\t\t\t\t\t<span class=\"elementor-post-date\">\n\t\t\tMay 28, 2025\t\t<\/span>\n\t\t\t\t<\/div>\n\t\t\t\t\t<\/div>\n\t\t<\/article>\n\t\t\t\t<article class=\"elementor-post elementor-grid-item post-665 post type-post status-publish format-standard has-post-thumbnail hentry category-algarve-2\">\n\t\t\t<div class=\"elementor-post__card\">\n\t\t\t\t<a class=\"elementor-post__thumbnail__link\" href=\"https:\/\/www.homing-portugal.com\/blog\/vivendas-para-ferias-algarve\/\" tabindex=\"-1\" ><div class=\"elementor-post__thumbnail\"><img loading=\"lazy\" decoding=\"async\" width=\"300\" height=\"276\" src=\"https:\/\/www.homing-portugal.com\/blog\/wp-content\/uploads\/2025\/05\/algarve-villa-rentals-holidays-2-380x350.webp\" class=\"attachment-medium size-medium wp-image-663\" alt=\"algarve villa rentals for holidays\" \/><\/div><\/a>\n\t\t\t\t<div class=\"elementor-post__badge\">Algarve<\/div>\n\t\t\t\t<div class=\"elementor-post__text\">\n\t\t\t\t<h3 class=\"elementor-post__title\">\n\t\t\t<a href=\"https:\/\/www.homing-portugal.com\/blog\/vivendas-para-ferias-algarve\/\" >\n\t\t\t\tVivendas para f\u00e9rias no Algarve\t\t\t<\/a>\n\t\t<\/h3>\n\t\t\t\t<\/div>\n\t\t\t\t<div class=\"elementor-post__meta-data\">\n\t\t\t\t\t<span class=\"elementor-post-date\">\n\t\t\tMay 16, 2025\t\t<\/span>\n\t\t\t\t<\/div>\n\t\t\t\t\t<\/div>\n\t\t<\/article>\n\t\t\t\t<\/div>\n\t\t\n\t\t\t\t\t\t<\/div>\n\t\t\t\t<\/div>\n\t\t\t\t\t<\/div>\n\t\t\t\t<\/div>\n\t\t<div class=\"elementor-element elementor-element-f609a45 e-flex e-con-boxed e-con e-parent\" data-id=\"f609a45\" data-element_type=\"container\">\n\t\t\t\t\t<div class=\"e-con-inner\">\n\t\t\t\t<div class=\"elementor-element elementor-element-3c76b67 elementor-widget elementor-widget-heading\" data-id=\"3c76b67\" data-element_type=\"widget\" data-widget_type=\"heading.default\">\n\t\t\t\t<div class=\"elementor-widget-container\">\n\t\t\t\t\t<h2 class=\"elementor-heading-title elementor-size-default\">N\u00e3o hesite e reserve as suas f\u00e9rias agora<\/h2>\t\t\t\t<\/div>\n\t\t\t\t<\/div>\n\t\t\t\t<div class=\"elementor-element elementor-element-0f63cf8 elementor-widget elementor-widget-text-editor\" data-id=\"0f63cf8\" data-element_type=\"widget\" data-widget_type=\"text-editor.default\">\n\t\t\t\t<div class=\"elementor-widget-container\">\n\t\t\t\t\t\t\t\t\t<div class=\"flex max-w-full flex-col flex-grow AIPRM__conversation__response\"><div class=\"min-h-8 text-message relative flex w-full flex-col items-end gap-2 whitespace-normal break-words text-start [.text-message+&amp;]:mt-5\" dir=\"auto\" data-message-author-role=\"assistant\" data-message-id=\"c495b8eb-6f98-43cc-8edd-806a09caacc5\" data-message-model-slug=\"gpt-4o\"><div class=\"flex w-full flex-col gap-1 empty:hidden first:pt-[3px]\"><div class=\"markdown prose w-full break-words dark:prose-invert light\"><p data-start=\"268\" data-end=\"496\" data-is-last-node=\"\" data-is-only-node=\"\">Torne a sua viagem verdadeiramente inesquec\u00edvel ao hospedar-se nos nossos apartamentos exclusivos, projetados para o conforto e perfeitamente localizados. Reserve agora e experimente Lisboa e o Algarve como um local, com o relaxamento e a conveni\u00eancia que merece.<\/p><\/div><\/div><\/div><\/div>\t\t\t\t\t\t\t\t<\/div>\n\t\t\t\t<\/div>\n\t\t\t\t\t<\/div>\n\t\t\t\t<\/div>\n\t\t<div class=\"elementor-element elementor-element-8e17848 e-flex e-con-boxed e-con e-parent\" data-id=\"8e17848\" data-element_type=\"container\">\n\t\t\t\t\t<div class=\"e-con-inner\">\n\t\t\t\t<div class=\"elementor-element elementor-element-88dad51 elementor-widget elementor-widget-shortcode\" data-id=\"88dad51\" data-element_type=\"widget\" data-widget_type=\"shortcode.default\">\n\t\t\t\t<div class=\"elementor-widget-container\">\n\t\t\t\t\t\t\t<div class=\"elementor-shortcode\">\t\t<div data-elementor-type=\"container\" data-elementor-id=\"360\" class=\"elementor elementor-360\" data-elementor-post-type=\"elementor_library\">\n\t\t\t\t<div class=\"elementor-element elementor-element-5fddaec e-flex e-con-boxed e-con e-parent\" data-id=\"5fddaec\" data-element_type=\"container\">\n\t\t\t\t\t<div class=\"e-con-inner\">\n\t\t<div class=\"elementor-element elementor-element-f9e9eea e-con-full e-flex e-con e-child\" data-id=\"f9e9eea\" data-element_type=\"container\">\n\t\t\t\t<div class=\"elementor-element elementor-element-3ed3773 elementor-align-justify elementor-widget elementor-widget-button\" data-id=\"3ed3773\" data-element_type=\"widget\" data-widget_type=\"button.default\">\n\t\t\t\t<div class=\"elementor-widget-container\">\n\t\t\t\t\t\t\t\t\t<div class=\"elementor-button-wrapper\">\n\t\t\t\t\t<a class=\"elementor-button elementor-button-link elementor-size-sm\" href=\"https:\/\/www.homing-portugal.com\/alojamento-algarve\/\">\n\t\t\t\t\t\t<span class=\"elementor-button-content-wrapper\">\n\t\t\t\t\t\t\t\t\t<span class=\"elementor-button-text\">Alojamento Algarve<\/span>\n\t\t\t\t\t<\/span>\n\t\t\t\t\t<\/a>\n\t\t\t\t<\/div>\n\t\t\t\t\t\t\t\t<\/div>\n\t\t\t\t<\/div>\n\t\t\t\t<\/div>\n\t\t<div class=\"elementor-element elementor-element-3849b9f e-con-full e-flex e-con e-child\" data-id=\"3849b9f\" data-element_type=\"container\">\n\t\t\t\t<div class=\"elementor-element elementor-element-15e63e2 elementor-align-justify elementor-widget elementor-widget-button\" data-id=\"15e63e2\" data-element_type=\"widget\" data-widget_type=\"button.default\">\n\t\t\t\t<div class=\"elementor-widget-container\">\n\t\t\t\t\t\t\t\t\t<div class=\"elementor-button-wrapper\">\n\t\t\t\t\t<a class=\"elementor-button elementor-button-link elementor-size-sm\" href=\"https:\/\/www.homing-portugal.com\/alojamento-lisboa\/\">\n\t\t\t\t\t\t<span class=\"elementor-button-content-wrapper\">\n\t\t\t\t\t\t\t\t\t<span class=\"elementor-button-text\">Alojamento Lisboa<\/span>\n\t\t\t\t\t<\/span>\n\t\t\t\t\t<\/a>\n\t\t\t\t<\/div>\n\t\t\t\t\t\t\t\t<\/div>\n\t\t\t\t<\/div>\n\t\t\t\t<\/div>\n\t\t\t\t\t<\/div>\n\t\t\t\t<\/div>\n\t\t\t\t<\/div>\n\t\t<\/div>\n\t\t\t\t\t\t<\/div>\n\t\t\t\t<\/div>\n\t\t\t\t\t<\/div>\n\t\t\t\t<\/div>\n\t\t\t\t<\/div>\n\t\t","protected":false},"excerpt":{"rendered":"<p>O que sabe sobre Lisboa e o Algarve? Descubra o charme de Lisboa e do Algarve atrav\u00e9s do nosso blog,<\/p>\n","protected":false},"author":3,"featured_media":425,"parent":0,"menu_order":0,"comment_status":"closed","ping_status":"closed","template":"","meta":{"footnotes":""},"class_list":["post-351","page","type-page","status-publish","has-post-thumbnail","hentry"],"yoast_head":"<!-- This site is optimized with the Yoast SEO plugin v21.2 - https:\/\/yoast.com\/wordpress\/plugins\/seo\/ -->\n<title>Descubra mais sobre Portugal - Blog | Homing<\/title>\n<meta name=\"description\" content=\"Explore Portugal com o nosso Blog. Informa\u00e7ao sobre f\u00e9rias o que fazer, o que visitar e muito mais! Descubra j\u00e1!\" \/>\n<meta name=\"robots\" content=\"index, follow, max-snippet:-1, max-image-preview:large, max-video-preview:-1\" \/>\n<link rel=\"canonical\" href=\"https:\/\/www.homing-portugal.com\/blog\/\" \/>\n<meta property=\"og:locale\" content=\"en_US\" \/>\n<meta property=\"og:type\" content=\"article\" \/>\n<meta property=\"og:title\" content=\"Descubra mais sobre Portugal - Blog | Homing\" \/>\n<meta property=\"og:description\" content=\"Explore Portugal com o nosso Blog. Informa\u00e7ao sobre f\u00e9rias o que fazer, o que visitar e muito mais! Descubra j\u00e1!\" \/>\n<meta property=\"og:url\" content=\"https:\/\/www.homing-portugal.com\/blog\/\" \/>\n<meta property=\"og:site_name\" content=\"Blog\" \/>\n<meta property=\"article:modified_time\" content=\"2025-05-17T07:26:31+00:00\" \/>\n<meta property=\"og:image\" content=\"https:\/\/www.homing-portugal.com\/blog\/wp-content\/uploads\/2025\/03\/things-to-do-in-Algarve-portugal.jpg\" \/>\n\t<meta property=\"og:image:width\" content=\"1254\" \/>\n\t<meta property=\"og:image:height\" content=\"627\" \/>\n\t<meta property=\"og:image:type\" content=\"image\/jpeg\" \/>\n<meta name=\"twitter:card\" content=\"summary_large_image\" \/>\n<meta name=\"twitter:label1\" content=\"Est. reading time\" \/>\n\t<meta name=\"twitter:data1\" content=\"1 minute\" \/>\n<script type=\"application\/ld+json\" class=\"yoast-schema-graph\">{\"@context\":\"https:\/\/schema.org\",\"@graph\":[{\"@type\":\"WebPage\",\"@id\":\"https:\/\/www.homing-portugal.com\/blog\/\",\"url\":\"https:\/\/www.homing-portugal.com\/blog\/\",\"name\":\"Descubra mais sobre Portugal - Blog | Homing\",\"isPartOf\":{\"@id\":\"https:\/\/www.homing-portugal.com\/blog\/#website\"},\"datePublished\":\"2025-03-18T09:42:53+00:00\",\"dateModified\":\"2025-05-17T07:26:31+00:00\",\"description\":\"Explore Portugal com o nosso Blog. Informa\u00e7ao sobre f\u00e9rias o que fazer, o que visitar e muito mais! Descubra j\u00e1!\",\"inLanguage\":\"en-NZ\",\"potentialAction\":[{\"@type\":\"ReadAction\",\"target\":[\"https:\/\/www.homing-portugal.com\/blog\/\"]}]},{\"@type\":\"WebSite\",\"@id\":\"https:\/\/www.homing-portugal.com\/blog\/#website\",\"url\":\"https:\/\/www.homing-portugal.com\/blog\/\",\"name\":\"Blog\",\"description\":\"Homing\",\"potentialAction\":[{\"@type\":\"SearchAction\",\"target\":{\"@type\":\"EntryPoint\",\"urlTemplate\":\"https:\/\/www.homing-portugal.com\/blog\/?s={search_term_string}\"},\"query-input\":\"required name=search_term_string\"}],\"inLanguage\":\"en-NZ\"}]}<\/script>\n<!-- \/ Yoast SEO plugin. -->","yoast_head_json":{"title":"Descubra mais sobre Portugal - Blog | Homing","description":"Explore Portugal com o nosso Blog. Informa\u00e7ao sobre f\u00e9rias o que fazer, o que visitar e muito mais! Descubra j\u00e1!","robots":{"index":"index","follow":"follow","max-snippet":"max-snippet:-1","max-image-preview":"max-image-preview:large","max-video-preview":"max-video-preview:-1"},"canonical":"https:\/\/www.homing-portugal.com\/blog\/","og_locale":"en_US","og_type":"article","og_title":"Descubra mais sobre Portugal - Blog | Homing","og_description":"Explore Portugal com o nosso Blog. Informa\u00e7ao sobre f\u00e9rias o que fazer, o que visitar e muito mais! Descubra j\u00e1!","og_url":"https:\/\/www.homing-portugal.com\/blog\/","og_site_name":"Blog","article_modified_time":"2025-05-17T07:26:31+00:00","og_image":[{"width":1254,"height":627,"url":"https:\/\/www.homing-portugal.com\/blog\/wp-content\/uploads\/2025\/03\/things-to-do-in-Algarve-portugal.jpg","type":"image\/jpeg"}],"twitter_card":"summary_large_image","twitter_misc":{"Est. reading time":"1 minute"},"schema":{"@context":"https:\/\/schema.org","@graph":[{"@type":"WebPage","@id":"https:\/\/www.homing-portugal.com\/blog\/","url":"https:\/\/www.homing-portugal.com\/blog\/","name":"Descubra mais sobre Portugal - Blog | Homing","isPartOf":{"@id":"https:\/\/www.homing-portugal.com\/blog\/#website"},"datePublished":"2025-03-18T09:42:53+00:00","dateModified":"2025-05-17T07:26:31+00:00","description":"Explore Portugal com o nosso Blog. Informa\u00e7ao sobre f\u00e9rias o que fazer, o que visitar e muito mais! Descubra j\u00e1!","inLanguage":"en-NZ","potentialAction":[{"@type":"ReadAction","target":["https:\/\/www.homing-portugal.com\/blog\/"]}]},{"@type":"WebSite","@id":"https:\/\/www.homing-portugal.com\/blog\/#website","url":"https:\/\/www.homing-portugal.com\/blog\/","name":"Blog","description":"Homing","potentialAction":[{"@type":"SearchAction","target":{"@type":"EntryPoint","urlTemplate":"https:\/\/www.homing-portugal.com\/blog\/?s={search_term_string}"},"query-input":"required name=search_term_string"}],"inLanguage":"en-NZ"}]}},"_links":{"self":[{"href":"https:\/\/www.homing-portugal.com\/blog\/wp-json\/wp\/v2\/pages\/351","targetHints":{"allow":["GET"]}}],"collection":[{"href":"https:\/\/www.homing-portugal.com\/blog\/wp-json\/wp\/v2\/pages"}],"about":[{"href":"https:\/\/www.homing-portugal.com\/blog\/wp-json\/wp\/v2\/types\/page"}],"author":[{"embeddable":true,"href":"https:\/\/www.homing-portugal.com\/blog\/wp-json\/wp\/v2\/users\/3"}],"replies":[{"embeddable":true,"href":"https:\/\/www.homing-portugal.com\/blog\/wp-json\/wp\/v2\/comments?post=351"}],"version-history":[{"count":11,"href":"https:\/\/www.homing-portugal.com\/blog\/wp-json\/wp\/v2\/pages\/351\/revisions"}],"predecessor-version":[{"id":457,"href":"https:\/\/www.homing-portugal.com\/blog\/wp-json\/wp\/v2\/pages\/351\/revisions\/457"}],"wp:featuredmedia":[{"embeddable":true,"href":"https:\/\/www.homing-portugal.com\/blog\/wp-json\/wp\/v2\/media\/425"}],"wp:attachment":[{"href":"https:\/\/www.homing-portugal.com\/blog\/wp-json\/wp\/v2\/media?parent=351"}],"curies":[{"name":"wp","href":"https:\/\/api.w.org\/{rel}","templated":true}]}}