{"id":350,"date":"2025-03-18T09:42:44","date_gmt":"2025-03-18T09:42:44","guid":{"rendered":"https:\/\/www.homing-portugal.com\/blog\/?page_id=350"},"modified":"2025-03-18T09:43:29","modified_gmt":"2025-03-18T09:43:29","slug":"home-blog-fr","status":"publish","type":"page","link":"https:\/\/www.homing-portugal.com\/blog\/fr\/","title":{"rendered":"Home Blog FR"},"content":{"rendered":"\t\t<div data-elementor-type=\"wp-post\" data-elementor-id=\"350\" class=\"elementor elementor-350 elementor-309\" data-elementor-post-type=\"page\">\n\t\t\t\t<div class=\"elementor-element elementor-element-106d792 e-flex e-con-boxed e-con e-parent\" data-id=\"106d792\" data-element_type=\"container\">\n\t\t\t\t\t<div class=\"e-con-inner\">\n\t\t\t\t<div class=\"elementor-element elementor-element-0914e1b elementor-widget elementor-widget-heading\" data-id=\"0914e1b\" data-element_type=\"widget\" data-widget_type=\"heading.default\">\n\t\t\t\t<div class=\"elementor-widget-container\">\n\t\t\t\t\t<h2 class=\"elementor-heading-title elementor-size-default\">Que savez-vous de Lisbonne et de l'Algarve ?<\/h2>\t\t\t\t<\/div>\n\t\t\t\t<\/div>\n\t\t\t\t<div class=\"elementor-element elementor-element-9829050 elementor-widget elementor-widget-text-editor\" data-id=\"9829050\" data-element_type=\"widget\" data-widget_type=\"text-editor.default\">\n\t\t\t\t<div class=\"elementor-widget-container\">\n\t\t\t\t\t\t\t\t\t<p data-start=\"0\" data-end=\"266\">D\u00e9couvrez le charme de Lisbonne et de l&rsquo;Algarve \u00e0 travers notre blog, o\u00f9 nous vous emmenons explorer des plages dor\u00e9es, une histoire riche et une culture vibrante. Des rues magnifiques aux meilleures exp\u00e9riences gastronomiques, vous trouverez tout ce dont vous avez besoin pour votre prochaine escapade.<\/p><p data-start=\"268\" data-end=\"496\" data-is-last-node=\"\" data-is-only-node=\"\">\u00a0<\/p>\t\t\t\t\t\t\t\t<\/div>\n\t\t\t\t<\/div>\n\t\t\t\t\t<\/div>\n\t\t\t\t<\/div>\n\t\t<div class=\"elementor-element elementor-element-9a6cf62 e-flex e-con-boxed e-con e-parent\" data-id=\"9a6cf62\" data-element_type=\"container\">\n\t\t\t\t\t<div class=\"e-con-inner\">\n\t\t\t\t<div class=\"elementor-element elementor-element-14bda0d elementor-posts--align-center elementor-grid-3 elementor-grid-tablet-2 elementor-grid-mobile-1 elementor-posts--thumbnail-top elementor-card-shadow-yes elementor-posts__hover-gradient elementor-widget elementor-widget-posts\" data-id=\"14bda0d\" data-element_type=\"widget\" data-settings=\"{&quot;cards_columns&quot;:&quot;3&quot;,&quot;cards_columns_tablet&quot;:&quot;2&quot;,&quot;cards_columns_mobile&quot;:&quot;1&quot;,&quot;cards_row_gap&quot;:{&quot;unit&quot;:&quot;px&quot;,&quot;size&quot;:35,&quot;sizes&quot;:[]},&quot;cards_row_gap_tablet&quot;:{&quot;unit&quot;:&quot;px&quot;,&quot;size&quot;:&quot;&quot;,&quot;sizes&quot;:[]},&quot;cards_row_gap_mobile&quot;:{&quot;unit&quot;:&quot;px&quot;,&quot;size&quot;:&quot;&quot;,&quot;sizes&quot;:[]}}\" data-widget_type=\"posts.cards\">\n\t\t\t\t<div class=\"elementor-widget-container\">\n\t\t\t\t\t\t\t<div class=\"elementor-posts-container elementor-posts elementor-posts--skin-cards elementor-grid\">\n\t\t\t\t<article class=\"elementor-post elementor-grid-item post-808 post type-post status-publish format-standard has-post-thumbnail hentry category-algarve-fr\">\n\t\t\t<div class=\"elementor-post__card\">\n\t\t\t\t<a class=\"elementor-post__thumbnail__link\" href=\"https:\/\/www.homing-portugal.com\/blog\/fr\/les-meilleures-choses-a-faire-a-lagos\/\" tabindex=\"-1\" ><div class=\"elementor-post__thumbnail\"><img fetchpriority=\"high\" decoding=\"async\" width=\"300\" height=\"276\" src=\"https:\/\/www.homing-portugal.com\/blog\/wp-content\/uploads\/2025\/06\/Lago-algarve-Praia-Dona-Ana-380x350.jpg\" class=\"attachment-medium size-medium wp-image-712\" alt=\"Lago-algarve-Praia-Dona-Ana.jpg\" \/><\/div><\/a>\n\t\t\t\t<div class=\"elementor-post__badge\">Algarve<\/div>\n\t\t\t\t<div class=\"elementor-post__text\">\n\t\t\t\t<h3 class=\"elementor-post__title\">\n\t\t\t<a href=\"https:\/\/www.homing-portugal.com\/blog\/fr\/les-meilleures-choses-a-faire-a-lagos\/\" >\n\t\t\t\tLes meilleures choses \u00e0 faire \u00e0 Lagos\t\t\t<\/a>\n\t\t<\/h3>\n\t\t\t\t<\/div>\n\t\t\t\t<div class=\"elementor-post__meta-data\">\n\t\t\t\t\t<span class=\"elementor-post-date\">\n\t\t\tjuin 23, 2025\t\t<\/span>\n\t\t\t\t<\/div>\n\t\t\t\t\t<\/div>\n\t\t<\/article>\n\t\t\t\t<article class=\"elementor-post elementor-grid-item post-802 post type-post status-publish format-standard hentry category-lisbonne\">\n\t\t\t<div class=\"elementor-post__card\">\n\t\t\t\t<div class=\"elementor-post__text\">\n\t\t\t\t<h3 class=\"elementor-post__title\">\n\t\t\t<a href=\"https:\/\/www.homing-portugal.com\/blog\/fr\/decouvrez-la-celebre-rue-rose-de-lisbonne\/\" >\n\t\t\t\tD\u00e9couvrez la c\u00e9l\u00e8bre rue rose de Lisbonne\t\t\t<\/a>\n\t\t<\/h3>\n\t\t\t\t<\/div>\n\t\t\t\t<div class=\"elementor-post__meta-data\">\n\t\t\t\t\t<span class=\"elementor-post-date\">\n\t\t\tjuin 23, 2025\t\t<\/span>\n\t\t\t\t<\/div>\n\t\t\t\t\t<\/div>\n\t\t<\/article>\n\t\t\t\t<article class=\"elementor-post elementor-grid-item post-783 post type-post status-publish format-standard has-post-thumbnail hentry category-le-reperage\">\n\t\t\t<div class=\"elementor-post__card\">\n\t\t\t\t<a class=\"elementor-post__thumbnail__link\" href=\"https:\/\/www.homing-portugal.com\/blog\/fr\/ou-sejourner-pendant-les-vacances-en-algarve\/\" tabindex=\"-1\" ><div class=\"elementor-post__thumbnail\"><img decoding=\"async\" width=\"300\" height=\"276\" src=\"https:\/\/www.homing-portugal.com\/blog\/wp-content\/uploads\/2025\/05\/things-to-do-in-Algarve-portugal-380x350.jpg\" class=\"attachment-medium size-medium wp-image-606\" alt=\"\" \/><\/div><\/a>\n\t\t\t\t<div class=\"elementor-post__badge\">Le rep\u00e9rage<\/div>\n\t\t\t\t<div class=\"elementor-post__text\">\n\t\t\t\t<h3 class=\"elementor-post__title\">\n\t\t\t<a href=\"https:\/\/www.homing-portugal.com\/blog\/fr\/ou-sejourner-pendant-les-vacances-en-algarve\/\" >\n\t\t\t\tO\u00f9 s\u00e9journer pendant les vacances en Algarve ?\t\t\t<\/a>\n\t\t<\/h3>\n\t\t\t\t<\/div>\n\t\t\t\t<div class=\"elementor-post__meta-data\">\n\t\t\t\t\t<span class=\"elementor-post-date\">\n\t\t\tjuin 23, 2025\t\t<\/span>\n\t\t\t\t<\/div>\n\t\t\t\t\t<\/div>\n\t\t<\/article>\n\t\t\t\t<article class=\"elementor-post elementor-grid-item post-694 post type-post status-publish format-standard has-post-thumbnail hentry category-lisbonne\">\n\t\t\t<div class=\"elementor-post__card\">\n\t\t\t\t<a class=\"elementor-post__thumbnail__link\" href=\"https:\/\/www.homing-portugal.com\/blog\/fr\/plages-lisbonne\/\" tabindex=\"-1\" ><div class=\"elementor-post__thumbnail\"><img decoding=\"async\" width=\"300\" height=\"276\" src=\"https:\/\/www.homing-portugal.com\/blog\/wp-content\/uploads\/2025\/05\/beach-lisbon-1-380x350.jpg\" class=\"attachment-medium size-medium wp-image-701\" alt=\"beach-lisbon-1.jpg\" \/><\/div><\/a>\n\t\t\t\t<div class=\"elementor-post__badge\">Lisbonne<\/div>\n\t\t\t\t<div class=\"elementor-post__text\">\n\t\t\t\t<h3 class=\"elementor-post__title\">\n\t\t\t<a href=\"https:\/\/www.homing-portugal.com\/blog\/fr\/plages-lisbonne\/\" >\n\t\t\t\tLes meilleures plages de Lisbonne\t\t\t<\/a>\n\t\t<\/h3>\n\t\t\t\t<\/div>\n\t\t\t\t<div class=\"elementor-post__meta-data\">\n\t\t\t\t\t<span class=\"elementor-post-date\">\n\t\t\tmai 28, 2025\t\t<\/span>\n\t\t\t\t<\/div>\n\t\t\t\t\t<\/div>\n\t\t<\/article>\n\t\t\t\t<article class=\"elementor-post elementor-grid-item post-692 post type-post status-publish format-standard has-post-thumbnail hentry category-algarve-fr\">\n\t\t\t<div class=\"elementor-post__card\">\n\t\t\t\t<a class=\"elementor-post__thumbnail__link\" href=\"https:\/\/www.homing-portugal.com\/blog\/fr\/faire-albufeira\/\" tabindex=\"-1\" ><div class=\"elementor-post__thumbnail\"><img loading=\"lazy\" decoding=\"async\" width=\"300\" height=\"276\" src=\"https:\/\/www.homing-portugal.com\/blog\/wp-content\/uploads\/2025\/05\/things-to-do-albufera-380x350.jpg\" class=\"attachment-medium size-medium wp-image-572\" alt=\"things-to-do-albufera.jpg\" \/><\/div><\/a>\n\t\t\t\t<div class=\"elementor-post__badge\">Algarve<\/div>\n\t\t\t\t<div class=\"elementor-post__text\">\n\t\t\t\t<h3 class=\"elementor-post__title\">\n\t\t\t<a href=\"https:\/\/www.homing-portugal.com\/blog\/fr\/faire-albufeira\/\" >\n\t\t\t\tChoses \u00e0 faire \u00e0 Albufeira\t\t\t<\/a>\n\t\t<\/h3>\n\t\t\t\t<\/div>\n\t\t\t\t<div class=\"elementor-post__meta-data\">\n\t\t\t\t\t<span class=\"elementor-post-date\">\n\t\t\tmai 28, 2025\t\t<\/span>\n\t\t\t\t<\/div>\n\t\t\t\t\t<\/div>\n\t\t<\/article>\n\t\t\t\t<article class=\"elementor-post elementor-grid-item post-680 post type-post status-publish format-standard has-post-thumbnail hentry category-algarve-fr\">\n\t\t\t<div class=\"elementor-post__card\">\n\t\t\t\t<a class=\"elementor-post__thumbnail__link\" href=\"https:\/\/www.homing-portugal.com\/blog\/fr\/location-maison-vacances-algarve\/\" tabindex=\"-1\" ><div class=\"elementor-post__thumbnail\"><img loading=\"lazy\" decoding=\"async\" width=\"300\" height=\"276\" src=\"https:\/\/www.homing-portugal.com\/blog\/wp-content\/uploads\/2025\/05\/algarve-villa-rentals-holidays-2-380x350.webp\" class=\"attachment-medium size-medium wp-image-662\" alt=\"algarve villa rentals for holidays\" \/><\/div><\/a>\n\t\t\t\t<div class=\"elementor-post__badge\">Algarve<\/div>\n\t\t\t\t<div class=\"elementor-post__text\">\n\t\t\t\t<h3 class=\"elementor-post__title\">\n\t\t\t<a href=\"https:\/\/www.homing-portugal.com\/blog\/fr\/location-maison-vacances-algarve\/\" >\n\t\t\t\tLocation de maison de vacances en Algarve\t\t\t<\/a>\n\t\t<\/h3>\n\t\t\t\t<\/div>\n\t\t\t\t<div class=\"elementor-post__meta-data\">\n\t\t\t\t\t<span class=\"elementor-post-date\">\n\t\t\tmai 17, 2025\t\t<\/span>\n\t\t\t\t<\/div>\n\t\t\t\t\t<\/div>\n\t\t<\/article>\n\t\t\t\t<\/div>\n\t\t\n\t\t\t\t\t\t<\/div>\n\t\t\t\t<\/div>\n\t\t\t\t\t<\/div>\n\t\t\t\t<\/div>\n\t\t<div class=\"elementor-element elementor-element-f609a45 e-flex e-con-boxed e-con e-parent\" data-id=\"f609a45\" data-element_type=\"container\">\n\t\t\t\t\t<div class=\"e-con-inner\">\n\t\t\t\t<div class=\"elementor-element elementor-element-3c76b67 elementor-widget elementor-widget-heading\" data-id=\"3c76b67\" data-element_type=\"widget\" data-widget_type=\"heading.default\">\n\t\t\t\t<div class=\"elementor-widget-container\">\n\t\t\t\t\t<h2 class=\"elementor-heading-title elementor-size-default\">N'h\u00e9sitez plus et r\u00e9servez vos vacances d\u00e8s maintenant<\/h2>\t\t\t\t<\/div>\n\t\t\t\t<\/div>\n\t\t\t\t<div class=\"elementor-element elementor-element-0f63cf8 elementor-widget elementor-widget-text-editor\" data-id=\"0f63cf8\" data-element_type=\"widget\" data-widget_type=\"text-editor.default\">\n\t\t\t\t<div class=\"elementor-widget-container\">\n\t\t\t\t\t\t\t\t\t<div class=\"flex max-w-full flex-col flex-grow AIPRM__conversation__response\"><div class=\"min-h-8 text-message relative flex w-full flex-col items-end gap-2 whitespace-normal break-words text-start [.text-message+&amp;]:mt-5\" dir=\"auto\" data-message-author-role=\"assistant\" data-message-id=\"c495b8eb-6f98-43cc-8edd-806a09caacc5\" data-message-model-slug=\"gpt-4o\"><div class=\"flex w-full flex-col gap-1 empty:hidden first:pt-[3px]\"><div class=\"markdown prose w-full break-words dark:prose-invert light\"><p data-start=\"268\" data-end=\"496\" data-is-last-node=\"\" data-is-only-node=\"\">Rendez votre voyage inoubliable en s\u00e9journant dans nos appartements exclusifs, con\u00e7us pour votre confort et id\u00e9alement situ\u00e9s. R\u00e9servez d\u00e8s maintenant et vivez Lisbonne et l&rsquo;Algarve comme un local, avec toute la d\u00e9tente et la commodit\u00e9 que vous m\u00e9ritez.<\/p><\/div><\/div><\/div><\/div>\t\t\t\t\t\t\t\t<\/div>\n\t\t\t\t<\/div>\n\t\t\t\t\t<\/div>\n\t\t\t\t<\/div>\n\t\t<div class=\"elementor-element elementor-element-8e17848 e-flex e-con-boxed e-con e-parent\" data-id=\"8e17848\" data-element_type=\"container\">\n\t\t\t\t\t<div class=\"e-con-inner\">\n\t\t\t\t<div class=\"elementor-element elementor-element-88dad51 elementor-widget elementor-widget-shortcode\" data-id=\"88dad51\" data-element_type=\"widget\" data-widget_type=\"shortcode.default\">\n\t\t\t\t<div class=\"elementor-widget-container\">\n\t\t\t\t\t\t\t<div class=\"elementor-shortcode\">\t\t<div data-elementor-type=\"container\" data-elementor-id=\"357\" class=\"elementor elementor-357 elementor-360\" data-elementor-post-type=\"elementor_library\">\n\t\t\t\t<div class=\"elementor-element elementor-element-6ba43cf9 e-flex e-con-boxed e-con e-parent\" data-id=\"6ba43cf9\" data-element_type=\"container\">\n\t\t\t\t\t<div class=\"e-con-inner\">\n\t\t<div class=\"elementor-element elementor-element-e37f5fb e-con-full e-flex e-con e-child\" data-id=\"e37f5fb\" data-element_type=\"container\">\n\t\t\t\t<div class=\"elementor-element elementor-element-5916abf5 elementor-align-justify elementor-widget elementor-widget-button\" data-id=\"5916abf5\" data-element_type=\"widget\" data-widget_type=\"button.default\">\n\t\t\t\t<div class=\"elementor-widget-container\">\n\t\t\t\t\t\t\t\t\t<div class=\"elementor-button-wrapper\">\n\t\t\t\t\t<a class=\"elementor-button elementor-button-link elementor-size-sm\" href=\"https:\/\/www.homing-portugal.com\/fr\/location-vacances-algarve\/\">\n\t\t\t\t\t\t<span class=\"elementor-button-content-wrapper\">\n\t\t\t\t\t\t\t\t\t<span class=\"elementor-button-text\">Location Algarve<\/span>\n\t\t\t\t\t<\/span>\n\t\t\t\t\t<\/a>\n\t\t\t\t<\/div>\n\t\t\t\t\t\t\t\t<\/div>\n\t\t\t\t<\/div>\n\t\t\t\t<\/div>\n\t\t<div class=\"elementor-element elementor-element-171949ee e-con-full e-flex e-con e-child\" data-id=\"171949ee\" data-element_type=\"container\">\n\t\t\t\t<div class=\"elementor-element elementor-element-768efa35 elementor-align-justify elementor-widget elementor-widget-button\" data-id=\"768efa35\" data-element_type=\"widget\" data-widget_type=\"button.default\">\n\t\t\t\t<div class=\"elementor-widget-container\">\n\t\t\t\t\t\t\t\t\t<div class=\"elementor-button-wrapper\">\n\t\t\t\t\t<a class=\"elementor-button elementor-button-link elementor-size-sm\" href=\"https:\/\/www.homing-portugal.com\/fr\/location-vacances-lisbonne\/\">\n\t\t\t\t\t\t<span class=\"elementor-button-content-wrapper\">\n\t\t\t\t\t\t\t\t\t<span class=\"elementor-button-text\">Location Lisbon<\/span>\n\t\t\t\t\t<\/span>\n\t\t\t\t\t<\/a>\n\t\t\t\t<\/div>\n\t\t\t\t\t\t\t\t<\/div>\n\t\t\t\t<\/div>\n\t\t\t\t<\/div>\n\t\t\t\t\t<\/div>\n\t\t\t\t<\/div>\n\t\t\t\t<\/div>\n\t\t<\/div>\n\t\t\t\t\t\t<\/div>\n\t\t\t\t<\/div>\n\t\t\t\t\t<\/div>\n\t\t\t\t<\/div>\n\t\t\t\t<\/div>\n\t\t","protected":false},"excerpt":{"rendered":"<p>Que savez-vous de Lisbonne et de l&rsquo;Algarve ? D\u00e9couvrez le charme de Lisbonne et de l&rsquo;Algarve \u00e0 travers notre blog,<\/p>\n","protected":false},"author":3,"featured_media":0,"parent":0,"menu_order":0,"comment_status":"closed","ping_status":"closed","template":"","meta":{"footnotes":""},"class_list":["post-350","page","type-page","status-publish","hentry"],"yoast_head":"<!-- This site is optimized with the Yoast SEO plugin v21.2 - https:\/\/yoast.com\/wordpress\/plugins\/seo\/ -->\n<title>Home Blog FR - Blog<\/title>\n<meta name=\"robots\" content=\"index, follow, max-snippet:-1, max-image-preview:large, max-video-preview:-1\" \/>\n<link rel=\"canonical\" href=\"https:\/\/www.homing-portugal.com\/blog\/?page_id=351\" \/>\n<meta property=\"og:locale\" content=\"fr_FR\" \/>\n<meta property=\"og:type\" content=\"article\" \/>\n<meta property=\"og:title\" content=\"Home Blog FR - Blog\" \/>\n<meta property=\"og:description\" content=\"Que savez-vous de Lisbonne et de l&rsquo;Algarve ? D\u00e9couvrez le charme de Lisbonne et de l&rsquo;Algarve \u00e0 travers notre blog,\" \/>\n<meta property=\"og:url\" content=\"https:\/\/www.homing-portugal.com\/blog\/?page_id=351\" \/>\n<meta property=\"og:site_name\" content=\"Blog\" \/>\n<meta property=\"article:modified_time\" content=\"2025-03-18T09:43:29+00:00\" \/>\n<meta name=\"twitter:card\" content=\"summary_large_image\" \/>\n<meta name=\"twitter:label1\" content=\"Dur\u00e9e de lecture estim\u00e9e\" \/>\n\t<meta name=\"twitter:data1\" content=\"1 minute\" \/>\n<script type=\"application\/ld+json\" class=\"yoast-schema-graph\">{\"@context\":\"https:\/\/schema.org\",\"@graph\":[{\"@type\":\"WebPage\",\"@id\":\"https:\/\/www.homing-portugal.com\/blog\/?page_id=351\",\"url\":\"https:\/\/www.homing-portugal.com\/blog\/?page_id=351\",\"name\":\"Home Blog FR - Blog\",\"isPartOf\":{\"@id\":\"https:\/\/www.homing-portugal.com\/blog\/#website\"},\"datePublished\":\"2025-03-18T09:42:44+00:00\",\"dateModified\":\"2025-03-18T09:43:29+00:00\",\"inLanguage\":\"fr-FR\",\"potentialAction\":[{\"@type\":\"ReadAction\",\"target\":[\"https:\/\/www.homing-portugal.com\/blog\/?page_id=351\"]}]},{\"@type\":\"WebSite\",\"@id\":\"https:\/\/www.homing-portugal.com\/blog\/#website\",\"url\":\"https:\/\/www.homing-portugal.com\/blog\/\",\"name\":\"Blog\",\"description\":\"Homing\",\"potentialAction\":[{\"@type\":\"SearchAction\",\"target\":{\"@type\":\"EntryPoint\",\"urlTemplate\":\"https:\/\/www.homing-portugal.com\/blog\/?s={search_term_string}\"},\"query-input\":\"required name=search_term_string\"}],\"inLanguage\":\"fr-FR\"}]}<\/script>\n<!-- \/ Yoast SEO plugin. -->","yoast_head_json":{"title":"Home Blog FR - Blog","robots":{"index":"index","follow":"follow","max-snippet":"max-snippet:-1","max-image-preview":"max-image-preview:large","max-video-preview":"max-video-preview:-1"},"canonical":"https:\/\/www.homing-portugal.com\/blog\/?page_id=351","og_locale":"fr_FR","og_type":"article","og_title":"Home Blog FR - Blog","og_description":"Que savez-vous de Lisbonne et de l&rsquo;Algarve ? D\u00e9couvrez le charme de Lisbonne et de l&rsquo;Algarve \u00e0 travers notre blog,","og_url":"https:\/\/www.homing-portugal.com\/blog\/?page_id=351","og_site_name":"Blog","article_modified_time":"2025-03-18T09:43:29+00:00","twitter_card":"summary_large_image","twitter_misc":{"Dur\u00e9e de lecture estim\u00e9e":"1 minute"},"schema":{"@context":"https:\/\/schema.org","@graph":[{"@type":"WebPage","@id":"https:\/\/www.homing-portugal.com\/blog\/?page_id=351","url":"https:\/\/www.homing-portugal.com\/blog\/?page_id=351","name":"Home Blog FR - Blog","isPartOf":{"@id":"https:\/\/www.homing-portugal.com\/blog\/#website"},"datePublished":"2025-03-18T09:42:44+00:00","dateModified":"2025-03-18T09:43:29+00:00","inLanguage":"fr-FR","potentialAction":[{"@type":"ReadAction","target":["https:\/\/www.homing-portugal.com\/blog\/?page_id=351"]}]},{"@type":"WebSite","@id":"https:\/\/www.homing-portugal.com\/blog\/#website","url":"https:\/\/www.homing-portugal.com\/blog\/","name":"Blog","description":"Homing","potentialAction":[{"@type":"SearchAction","target":{"@type":"EntryPoint","urlTemplate":"https:\/\/www.homing-portugal.com\/blog\/?s={search_term_string}"},"query-input":"required name=search_term_string"}],"inLanguage":"fr-FR"}]}},"_links":{"self":[{"href":"https:\/\/www.homing-portugal.com\/blog\/fr\/wp-json\/wp\/v2\/pages\/350","targetHints":{"allow":["GET"]}}],"collection":[{"href":"https:\/\/www.homing-portugal.com\/blog\/fr\/wp-json\/wp\/v2\/pages"}],"about":[{"href":"https:\/\/www.homing-portugal.com\/blog\/fr\/wp-json\/wp\/v2\/types\/page"}],"author":[{"embeddable":true,"href":"https:\/\/www.homing-portugal.com\/blog\/fr\/wp-json\/wp\/v2\/users\/3"}],"replies":[{"embeddable":true,"href":"https:\/\/www.homing-portugal.com\/blog\/fr\/wp-json\/wp\/v2\/comments?post=350"}],"version-history":[{"count":5,"href":"https:\/\/www.homing-portugal.com\/blog\/fr\/wp-json\/wp\/v2\/pages\/350\/revisions"}],"predecessor-version":[{"id":380,"href":"https:\/\/www.homing-portugal.com\/blog\/fr\/wp-json\/wp\/v2\/pages\/350\/revisions\/380"}],"wp:attachment":[{"href":"https:\/\/www.homing-portugal.com\/blog\/fr\/wp-json\/wp\/v2\/media?parent=350"}],"curies":[{"name":"wp","href":"https:\/\/api.w.org\/{rel}","templated":true}]}}