{"id":352,"date":"2025-03-18T09:43:02","date_gmt":"2025-03-18T09:43:02","guid":{"rendered":"https:\/\/www.homing-portugal.com\/blog\/?page_id=352"},"modified":"2025-04-09T15:47:09","modified_gmt":"2025-04-09T15:47:09","slug":"home-blog-es","status":"publish","type":"page","link":"https:\/\/www.homing-portugal.com\/blog\/es\/","title":{"rendered":"Home Blog ES"},"content":{"rendered":"\t\t<div data-elementor-type=\"wp-post\" data-elementor-id=\"352\" class=\"elementor elementor-352 elementor-309\" data-elementor-post-type=\"page\">\n\t\t\t\t<div class=\"elementor-element elementor-element-106d792 e-flex e-con-boxed e-con e-parent\" data-id=\"106d792\" data-element_type=\"container\">\n\t\t\t\t\t<div class=\"e-con-inner\">\n\t\t\t\t<div class=\"elementor-element elementor-element-0914e1b elementor-widget elementor-widget-heading\" data-id=\"0914e1b\" data-element_type=\"widget\" data-widget_type=\"heading.default\">\n\t\t\t\t<div class=\"elementor-widget-container\">\n\t\t\t\t\t<h2 class=\"elementor-heading-title elementor-size-default\">\u00bfQu\u00e9 sabes sobre Lisboa y el Algarve?\n<\/h2>\t\t\t\t<\/div>\n\t\t\t\t<\/div>\n\t\t\t\t<div class=\"elementor-element elementor-element-9829050 elementor-widget elementor-widget-text-editor\" data-id=\"9829050\" data-element_type=\"widget\" data-widget_type=\"text-editor.default\">\n\t\t\t\t<div class=\"elementor-widget-container\">\n\t\t\t\t\t\t\t\t\t<p data-start=\"0\" data-end=\"266\">Descubre el encanto de Lisboa y el Algarve a trav\u00e9s de nuestro blog, donde te llevamos en un viaje para explorar playas doradas, una historia rica y una cultura vibrante. Desde calles con encanto hasta las mejores experiencias gastron\u00f3micas, encontrar\u00e1s todo lo que necesitas para tu pr\u00f3xima escapada.<\/p>\t\t\t\t\t\t\t\t<\/div>\n\t\t\t\t<\/div>\n\t\t\t\t\t<\/div>\n\t\t\t\t<\/div>\n\t\t<div class=\"elementor-element elementor-element-9a6cf62 e-flex e-con-boxed e-con e-parent\" data-id=\"9a6cf62\" data-element_type=\"container\">\n\t\t\t\t\t<div class=\"e-con-inner\">\n\t\t\t\t<div class=\"elementor-element elementor-element-14bda0d elementor-posts--align-center elementor-grid-3 elementor-grid-tablet-2 elementor-grid-mobile-1 elementor-posts--thumbnail-top elementor-card-shadow-yes elementor-posts__hover-gradient elementor-widget elementor-widget-posts\" data-id=\"14bda0d\" data-element_type=\"widget\" data-settings=\"{&quot;cards_columns&quot;:&quot;3&quot;,&quot;cards_columns_tablet&quot;:&quot;2&quot;,&quot;cards_columns_mobile&quot;:&quot;1&quot;,&quot;cards_row_gap&quot;:{&quot;unit&quot;:&quot;px&quot;,&quot;size&quot;:35,&quot;sizes&quot;:[]},&quot;cards_row_gap_tablet&quot;:{&quot;unit&quot;:&quot;px&quot;,&quot;size&quot;:&quot;&quot;,&quot;sizes&quot;:[]},&quot;cards_row_gap_mobile&quot;:{&quot;unit&quot;:&quot;px&quot;,&quot;size&quot;:&quot;&quot;,&quot;sizes&quot;:[]}}\" data-widget_type=\"posts.cards\">\n\t\t\t\t<div class=\"elementor-widget-container\">\n\t\t\t\t\t\t\t<div class=\"elementor-posts-container elementor-posts elementor-posts--skin-cards elementor-grid\">\n\t\t\t\t<article class=\"elementor-post elementor-grid-item post-812 post type-post status-publish format-standard has-post-thumbnail hentry category-algarve-es\">\n\t\t\t<div class=\"elementor-post__card\">\n\t\t\t\t<a class=\"elementor-post__thumbnail__link\" href=\"https:\/\/www.homing-portugal.com\/blog\/es\/las-mejores-cosas-que-hacer-en-lagos\/\" tabindex=\"-1\" ><div class=\"elementor-post__thumbnail\"><img fetchpriority=\"high\" decoding=\"async\" width=\"300\" height=\"276\" src=\"https:\/\/www.homing-portugal.com\/blog\/wp-content\/uploads\/2025\/06\/Lago-algarve-Praia-Dona-Ana-380x350.jpg\" class=\"attachment-medium size-medium wp-image-714\" alt=\"Lago-algarve-Praia-Dona-Ana.jpg\" \/><\/div><\/a>\n\t\t\t\t<div class=\"elementor-post__badge\">Algarve<\/div>\n\t\t\t\t<div class=\"elementor-post__text\">\n\t\t\t\t<h3 class=\"elementor-post__title\">\n\t\t\t<a href=\"https:\/\/www.homing-portugal.com\/blog\/es\/las-mejores-cosas-que-hacer-en-lagos\/\" >\n\t\t\t\tLas mejores cosas que hacer en Lagos\t\t\t<\/a>\n\t\t<\/h3>\n\t\t\t\t<\/div>\n\t\t\t\t<div class=\"elementor-post__meta-data\">\n\t\t\t\t\t<span class=\"elementor-post-date\">\n\t\t\tjunio 23, 2025\t\t<\/span>\n\t\t\t\t<\/div>\n\t\t\t\t\t<\/div>\n\t\t<\/article>\n\t\t\t\t<article class=\"elementor-post elementor-grid-item post-806 post type-post status-publish format-standard hentry category-lisboa-es\">\n\t\t\t<div class=\"elementor-post__card\">\n\t\t\t\t<div class=\"elementor-post__text\">\n\t\t\t\t<h3 class=\"elementor-post__title\">\n\t\t\t<a href=\"https:\/\/www.homing-portugal.com\/blog\/es\/explora-la-famosa-calle-rosa-de-lisboa\/\" >\n\t\t\t\tExplora la famosa Calle Rosa de Lisboa\t\t\t<\/a>\n\t\t<\/h3>\n\t\t\t\t<\/div>\n\t\t\t\t<div class=\"elementor-post__meta-data\">\n\t\t\t\t\t<span class=\"elementor-post-date\">\n\t\t\tjunio 23, 2025\t\t<\/span>\n\t\t\t\t<\/div>\n\t\t\t\t\t<\/div>\n\t\t<\/article>\n\t\t\t\t<article class=\"elementor-post elementor-grid-item post-779 post type-post status-publish format-standard has-post-thumbnail hentry category-homing-3\">\n\t\t\t<div class=\"elementor-post__card\">\n\t\t\t\t<a class=\"elementor-post__thumbnail__link\" href=\"https:\/\/www.homing-portugal.com\/blog\/es\/donde-alojarse-en-las-vacaciones-en-el-algarve\/\" tabindex=\"-1\" ><div class=\"elementor-post__thumbnail\"><img decoding=\"async\" width=\"300\" height=\"276\" src=\"https:\/\/www.homing-portugal.com\/blog\/wp-content\/uploads\/2025\/05\/things-to-do-in-Algarve-portugal-380x350.jpg\" class=\"attachment-medium size-medium wp-image-608\" alt=\"\" \/><\/div><\/a>\n\t\t\t\t<div class=\"elementor-post__badge\">Homing<\/div>\n\t\t\t\t<div class=\"elementor-post__text\">\n\t\t\t\t<h3 class=\"elementor-post__title\">\n\t\t\t<a href=\"https:\/\/www.homing-portugal.com\/blog\/es\/donde-alojarse-en-las-vacaciones-en-el-algarve\/\" >\n\t\t\t\tD\u00f3nde alojarse en las vacaciones en el Algarve\t\t\t<\/a>\n\t\t<\/h3>\n\t\t\t\t<\/div>\n\t\t\t\t<div class=\"elementor-post__meta-data\">\n\t\t\t\t\t<span class=\"elementor-post-date\">\n\t\t\tjunio 23, 2025\t\t<\/span>\n\t\t\t\t<\/div>\n\t\t\t\t\t<\/div>\n\t\t<\/article>\n\t\t\t\t<article class=\"elementor-post elementor-grid-item post-698 post type-post status-publish format-standard has-post-thumbnail hentry category-lisboa-es\">\n\t\t\t<div class=\"elementor-post__card\">\n\t\t\t\t<a class=\"elementor-post__thumbnail__link\" href=\"https:\/\/www.homing-portugal.com\/blog\/es\/playas-lisboa\/\" tabindex=\"-1\" ><div class=\"elementor-post__thumbnail\"><img decoding=\"async\" width=\"300\" height=\"276\" src=\"https:\/\/www.homing-portugal.com\/blog\/wp-content\/uploads\/2025\/05\/beach-lisbon-1-380x350.jpg\" class=\"attachment-medium size-medium wp-image-703\" alt=\"beach-lisbon-1.jpg\" \/><\/div><\/a>\n\t\t\t\t<div class=\"elementor-post__badge\">Lisboa<\/div>\n\t\t\t\t<div class=\"elementor-post__text\">\n\t\t\t\t<h3 class=\"elementor-post__title\">\n\t\t\t<a href=\"https:\/\/www.homing-portugal.com\/blog\/es\/playas-lisboa\/\" >\n\t\t\t\tLas mejores playas de Lisboa\t\t\t<\/a>\n\t\t<\/h3>\n\t\t\t\t<\/div>\n\t\t\t\t<div class=\"elementor-post__meta-data\">\n\t\t\t\t\t<span class=\"elementor-post-date\">\n\t\t\tmayo 28, 2025\t\t<\/span>\n\t\t\t\t<\/div>\n\t\t\t\t\t<\/div>\n\t\t<\/article>\n\t\t\t\t<article class=\"elementor-post elementor-grid-item post-688 post type-post status-publish format-standard has-post-thumbnail hentry category-algarve-es\">\n\t\t\t<div class=\"elementor-post__card\">\n\t\t\t\t<a class=\"elementor-post__thumbnail__link\" href=\"https:\/\/www.homing-portugal.com\/blog\/es\/que-hacer-albufeira\/\" tabindex=\"-1\" ><div class=\"elementor-post__thumbnail\"><img loading=\"lazy\" decoding=\"async\" width=\"300\" height=\"276\" src=\"https:\/\/www.homing-portugal.com\/blog\/wp-content\/uploads\/2025\/05\/things-to-do-albufera-380x350.jpg\" class=\"attachment-medium size-medium wp-image-574\" alt=\"things-to-do-albufera.jpg\" \/><\/div><\/a>\n\t\t\t\t<div class=\"elementor-post__badge\">Algarve<\/div>\n\t\t\t\t<div class=\"elementor-post__text\">\n\t\t\t\t<h3 class=\"elementor-post__title\">\n\t\t\t<a href=\"https:\/\/www.homing-portugal.com\/blog\/es\/que-hacer-albufeira\/\" >\n\t\t\t\tCosas que hacer en Albufeira\t\t\t<\/a>\n\t\t<\/h3>\n\t\t\t\t<\/div>\n\t\t\t\t<div class=\"elementor-post__meta-data\">\n\t\t\t\t\t<span class=\"elementor-post-date\">\n\t\t\tmayo 28, 2025\t\t<\/span>\n\t\t\t\t<\/div>\n\t\t\t\t\t<\/div>\n\t\t<\/article>\n\t\t\t\t<article class=\"elementor-post elementor-grid-item post-667 post type-post status-publish format-standard has-post-thumbnail hentry category-algarve-es\">\n\t\t\t<div class=\"elementor-post__card\">\n\t\t\t\t<a class=\"elementor-post__thumbnail__link\" href=\"https:\/\/www.homing-portugal.com\/blog\/es\/alquiler-villas-algarve\/\" tabindex=\"-1\" ><div class=\"elementor-post__thumbnail\"><img loading=\"lazy\" decoding=\"async\" width=\"300\" height=\"276\" src=\"https:\/\/www.homing-portugal.com\/blog\/wp-content\/uploads\/2025\/05\/algarve-villa-rentals-holidays-2-380x350.webp\" class=\"attachment-medium size-medium wp-image-664\" alt=\"algarve villa rentals for holidays\" \/><\/div><\/a>\n\t\t\t\t<div class=\"elementor-post__badge\">Algarve<\/div>\n\t\t\t\t<div class=\"elementor-post__text\">\n\t\t\t\t<h3 class=\"elementor-post__title\">\n\t\t\t<a href=\"https:\/\/www.homing-portugal.com\/blog\/es\/alquiler-villas-algarve\/\" >\n\t\t\t\tAlquiler de villas en el Algarve\t\t\t<\/a>\n\t\t<\/h3>\n\t\t\t\t<\/div>\n\t\t\t\t<div class=\"elementor-post__meta-data\">\n\t\t\t\t\t<span class=\"elementor-post-date\">\n\t\t\tmayo 17, 2025\t\t<\/span>\n\t\t\t\t<\/div>\n\t\t\t\t\t<\/div>\n\t\t<\/article>\n\t\t\t\t<\/div>\n\t\t\n\t\t\t\t\t\t<\/div>\n\t\t\t\t<\/div>\n\t\t\t\t\t<\/div>\n\t\t\t\t<\/div>\n\t\t<div class=\"elementor-element elementor-element-f609a45 e-flex e-con-boxed e-con e-parent\" data-id=\"f609a45\" data-element_type=\"container\">\n\t\t\t\t\t<div class=\"e-con-inner\">\n\t\t\t\t<div class=\"elementor-element elementor-element-3c76b67 elementor-widget elementor-widget-heading\" data-id=\"3c76b67\" data-element_type=\"widget\" data-widget_type=\"heading.default\">\n\t\t\t\t<div class=\"elementor-widget-container\">\n\t\t\t\t\t<h2 class=\"elementor-heading-title elementor-size-default\">No lo dudes y reserva tus vacaciones ahora\n<\/h2>\t\t\t\t<\/div>\n\t\t\t\t<\/div>\n\t\t\t\t<div class=\"elementor-element elementor-element-0f63cf8 elementor-widget elementor-widget-text-editor\" data-id=\"0f63cf8\" data-element_type=\"widget\" data-widget_type=\"text-editor.default\">\n\t\t\t\t<div class=\"elementor-widget-container\">\n\t\t\t\t\t\t\t\t\t<div class=\"flex max-w-full flex-col flex-grow AIPRM__conversation__response\"><div class=\"min-h-8 text-message relative flex w-full flex-col items-end gap-2 whitespace-normal break-words text-start [.text-message+&amp;]:mt-5\" dir=\"auto\" data-message-author-role=\"assistant\" data-message-id=\"c495b8eb-6f98-43cc-8edd-806a09caacc5\" data-message-model-slug=\"gpt-4o\"><div class=\"flex w-full flex-col gap-1 empty:hidden first:pt-[3px]\"><div class=\"markdown prose w-full break-words dark:prose-invert light\"><p class=\"\" data-start=\"478\" data-end=\"741\">Haz que tu viaje sea verdaderamente inolvidable aloj\u00e1ndote en nuestros exclusivos apartamentos, dise\u00f1ados para tu comodidad y perfectamente ubicados. Reserva ahora y vive Lisboa y el Algarve como un aut\u00e9ntico local, con toda la relajaci\u00f3n y comodidad que mereces.<\/p><\/div><\/div><\/div><\/div>\t\t\t\t\t\t\t\t<\/div>\n\t\t\t\t<\/div>\n\t\t\t\t\t<\/div>\n\t\t\t\t<\/div>\n\t\t<div class=\"elementor-element elementor-element-8e17848 e-flex e-con-boxed e-con e-parent\" data-id=\"8e17848\" data-element_type=\"container\">\n\t\t\t\t\t<div class=\"e-con-inner\">\n\t\t\t\t<div class=\"elementor-element elementor-element-88dad51 elementor-widget elementor-widget-shortcode\" data-id=\"88dad51\" data-element_type=\"widget\" data-widget_type=\"shortcode.default\">\n\t\t\t\t<div class=\"elementor-widget-container\">\n\t\t\t\t\t\t\t<div class=\"elementor-shortcode\">\t\t<div data-elementor-type=\"container\" data-elementor-id=\"366\" class=\"elementor elementor-366 elementor-360\" data-elementor-post-type=\"elementor_library\">\n\t\t\t\t<div class=\"elementor-element elementor-element-40e47ce e-flex e-con-boxed e-con e-parent\" data-id=\"40e47ce\" data-element_type=\"container\">\n\t\t\t\t\t<div class=\"e-con-inner\">\n\t\t<div class=\"elementor-element elementor-element-59f3b591 e-con-full e-flex e-con e-child\" data-id=\"59f3b591\" data-element_type=\"container\">\n\t\t\t\t<div class=\"elementor-element elementor-element-20b76a6e elementor-align-justify elementor-widget elementor-widget-button\" data-id=\"20b76a6e\" data-element_type=\"widget\" data-widget_type=\"button.default\">\n\t\t\t\t<div class=\"elementor-widget-container\">\n\t\t\t\t\t\t\t\t\t<div class=\"elementor-button-wrapper\">\n\t\t\t\t\t<a class=\"elementor-button elementor-button-link elementor-size-sm\" href=\"https:\/\/www.homing-portugal.com\/es\/alojamiento-algarve\/\">\n\t\t\t\t\t\t<span class=\"elementor-button-content-wrapper\">\n\t\t\t\t\t\t\t\t\t<span class=\"elementor-button-text\">Alojamiento Algarve<\/span>\n\t\t\t\t\t<\/span>\n\t\t\t\t\t<\/a>\n\t\t\t\t<\/div>\n\t\t\t\t\t\t\t\t<\/div>\n\t\t\t\t<\/div>\n\t\t\t\t<\/div>\n\t\t<div class=\"elementor-element elementor-element-76e06fa0 e-con-full e-flex e-con e-child\" data-id=\"76e06fa0\" data-element_type=\"container\">\n\t\t\t\t<div class=\"elementor-element elementor-element-1566f7c1 elementor-align-justify elementor-widget elementor-widget-button\" data-id=\"1566f7c1\" data-element_type=\"widget\" data-widget_type=\"button.default\">\n\t\t\t\t<div class=\"elementor-widget-container\">\n\t\t\t\t\t\t\t\t\t<div class=\"elementor-button-wrapper\">\n\t\t\t\t\t<a class=\"elementor-button elementor-button-link elementor-size-sm\" href=\"https:\/\/www.homing-portugal.com\/es\/alojamiento-lisboa\/\">\n\t\t\t\t\t\t<span class=\"elementor-button-content-wrapper\">\n\t\t\t\t\t\t\t\t\t<span class=\"elementor-button-text\">Alojamiento Lisbon<\/span>\n\t\t\t\t\t<\/span>\n\t\t\t\t\t<\/a>\n\t\t\t\t<\/div>\n\t\t\t\t\t\t\t\t<\/div>\n\t\t\t\t<\/div>\n\t\t\t\t<\/div>\n\t\t\t\t\t<\/div>\n\t\t\t\t<\/div>\n\t\t\t\t<\/div>\n\t\t<\/div>\n\t\t\t\t\t\t<\/div>\n\t\t\t\t<\/div>\n\t\t\t\t\t<\/div>\n\t\t\t\t<\/div>\n\t\t\t\t<\/div>\n\t\t","protected":false},"excerpt":{"rendered":"<p>\u00bfQu\u00e9 sabes sobre Lisboa y el Algarve? Descubre el encanto de Lisboa y el Algarve a trav\u00e9s de nuestro blog,<\/p>\n","protected":false},"author":3,"featured_media":0,"parent":0,"menu_order":0,"comment_status":"closed","ping_status":"closed","template":"","meta":{"footnotes":""},"class_list":["post-352","page","type-page","status-publish","hentry"],"yoast_head":"<!-- This site is optimized with the Yoast SEO plugin v21.2 - https:\/\/yoast.com\/wordpress\/plugins\/seo\/ -->\n<title>Home Blog ES - Blog<\/title>\n<meta name=\"robots\" content=\"index, follow, max-snippet:-1, max-image-preview:large, max-video-preview:-1\" \/>\n<link rel=\"canonical\" href=\"https:\/\/www.homing-portugal.com\/blog\/\" \/>\n<meta property=\"og:locale\" content=\"es_ES\" \/>\n<meta property=\"og:type\" content=\"article\" \/>\n<meta property=\"og:title\" content=\"Home Blog ES - Blog\" \/>\n<meta property=\"og:description\" content=\"\u00bfQu\u00e9 sabes sobre Lisboa y el Algarve? Descubre el encanto de Lisboa y el Algarve a trav\u00e9s de nuestro blog,\" \/>\n<meta property=\"og:url\" content=\"https:\/\/www.homing-portugal.com\/blog\/\" \/>\n<meta property=\"og:site_name\" content=\"Blog\" \/>\n<meta property=\"article:modified_time\" content=\"2025-04-09T15:47:09+00:00\" \/>\n<meta name=\"twitter:card\" content=\"summary_large_image\" \/>\n<meta name=\"twitter:label1\" content=\"Tiempo de lectura\" \/>\n\t<meta name=\"twitter:data1\" content=\"1 minuto\" \/>\n<script type=\"application\/ld+json\" class=\"yoast-schema-graph\">{\"@context\":\"https:\/\/schema.org\",\"@graph\":[{\"@type\":\"WebPage\",\"@id\":\"https:\/\/www.homing-portugal.com\/blog\/\",\"url\":\"https:\/\/www.homing-portugal.com\/blog\/\",\"name\":\"Home Blog ES - Blog\",\"isPartOf\":{\"@id\":\"https:\/\/www.homing-portugal.com\/blog\/#website\"},\"datePublished\":\"2025-03-18T09:43:02+00:00\",\"dateModified\":\"2025-04-09T15:47:09+00:00\",\"inLanguage\":\"es\",\"potentialAction\":[{\"@type\":\"ReadAction\",\"target\":[\"https:\/\/www.homing-portugal.com\/blog\/\"]}]},{\"@type\":\"WebSite\",\"@id\":\"https:\/\/www.homing-portugal.com\/blog\/#website\",\"url\":\"https:\/\/www.homing-portugal.com\/blog\/\",\"name\":\"Blog\",\"description\":\"Homing\",\"potentialAction\":[{\"@type\":\"SearchAction\",\"target\":{\"@type\":\"EntryPoint\",\"urlTemplate\":\"https:\/\/www.homing-portugal.com\/blog\/?s={search_term_string}\"},\"query-input\":\"required name=search_term_string\"}],\"inLanguage\":\"es\"}]}<\/script>\n<!-- \/ Yoast SEO plugin. -->","yoast_head_json":{"title":"Home Blog ES - Blog","robots":{"index":"index","follow":"follow","max-snippet":"max-snippet:-1","max-image-preview":"max-image-preview:large","max-video-preview":"max-video-preview:-1"},"canonical":"https:\/\/www.homing-portugal.com\/blog\/","og_locale":"es_ES","og_type":"article","og_title":"Home Blog ES - Blog","og_description":"\u00bfQu\u00e9 sabes sobre Lisboa y el Algarve? Descubre el encanto de Lisboa y el Algarve a trav\u00e9s de nuestro blog,","og_url":"https:\/\/www.homing-portugal.com\/blog\/","og_site_name":"Blog","article_modified_time":"2025-04-09T15:47:09+00:00","twitter_card":"summary_large_image","twitter_misc":{"Tiempo de lectura":"1 minuto"},"schema":{"@context":"https:\/\/schema.org","@graph":[{"@type":"WebPage","@id":"https:\/\/www.homing-portugal.com\/blog\/","url":"https:\/\/www.homing-portugal.com\/blog\/","name":"Home Blog ES - Blog","isPartOf":{"@id":"https:\/\/www.homing-portugal.com\/blog\/#website"},"datePublished":"2025-03-18T09:43:02+00:00","dateModified":"2025-04-09T15:47:09+00:00","inLanguage":"es","potentialAction":[{"@type":"ReadAction","target":["https:\/\/www.homing-portugal.com\/blog\/"]}]},{"@type":"WebSite","@id":"https:\/\/www.homing-portugal.com\/blog\/#website","url":"https:\/\/www.homing-portugal.com\/blog\/","name":"Blog","description":"Homing","potentialAction":[{"@type":"SearchAction","target":{"@type":"EntryPoint","urlTemplate":"https:\/\/www.homing-portugal.com\/blog\/?s={search_term_string}"},"query-input":"required name=search_term_string"}],"inLanguage":"es"}]}},"_links":{"self":[{"href":"https:\/\/www.homing-portugal.com\/blog\/es\/wp-json\/wp\/v2\/pages\/352","targetHints":{"allow":["GET"]}}],"collection":[{"href":"https:\/\/www.homing-portugal.com\/blog\/es\/wp-json\/wp\/v2\/pages"}],"about":[{"href":"https:\/\/www.homing-portugal.com\/blog\/es\/wp-json\/wp\/v2\/types\/page"}],"author":[{"embeddable":true,"href":"https:\/\/www.homing-portugal.com\/blog\/es\/wp-json\/wp\/v2\/users\/3"}],"replies":[{"embeddable":true,"href":"https:\/\/www.homing-portugal.com\/blog\/es\/wp-json\/wp\/v2\/comments?post=352"}],"version-history":[{"count":9,"href":"https:\/\/www.homing-portugal.com\/blog\/es\/wp-json\/wp\/v2\/pages\/352\/revisions"}],"predecessor-version":[{"id":528,"href":"https:\/\/www.homing-portugal.com\/blog\/es\/wp-json\/wp\/v2\/pages\/352\/revisions\/528"}],"wp:attachment":[{"href":"https:\/\/www.homing-portugal.com\/blog\/es\/wp-json\/wp\/v2\/media?parent=352"}],"curies":[{"name":"wp","href":"https:\/\/api.w.org\/{rel}","templated":true}]}}